{"id":12886,"date":"2019-10-28T11:22:23","date_gmt":"2019-10-28T11:22:23","guid":{"rendered":"https:\/\/www.vrleti.com\/dan-drzavnosti-republike\/"},"modified":"2023-05-26T10:00:21","modified_gmt":"2023-05-26T10:00:21","slug":"statehood-day","status":"publish","type":"page","link":"https:\/\/www.vrleti.com\/en\/statehood-day\/","title":{"rendered":"Statehood Day"},"content":{"rendered":"<p>[vc_row css=&#8221;.vc_custom_1542072362721{margin-top: 0px !important;margin-bottom: 0px !important;padding-top: 20px !important;padding-bottom: 80px !important;}&#8221;][vc_column width=&#8221;1\/2&#8243;][vc_column_text]Thestatehood day is celebrated on 5 June, the founding day of the Haiduk Republic of Mijat Tomi\u0107, at the seat of the Republic &#8211; Hajdu\u010dke Vrleti.<\/p>\n<p>Haiduk, democratic and independent, the Republic was founded on 5 June 2002. Its sovereign jurisdiction encompasses an area the borders of which extend from the highest peak of Vran Mountain to the St. Ante chapel all the way to the Risovac &#8211; Ked\u017eara intersection. It is forbidden here to form political parties or to engage in any political activities, as this threatens the legal order and the health of the people. The legal order is guarded and protected by the elite haiduk guarda. The Republic has its own currency, the Constitution, the flag, the anthem and passports.<\/p>\n<p><strong><em>Announcing the best citizen and best minister<\/em><\/strong><\/p>\n<p>On Statehood Day, the achievements are summarized and the best citizen and best minister announced. They receive a prize consisting of a free stay in the capital &#8211; the hotel- restaurant Hajdu\u010dke Vrleti. The celebration continues with a special program with an abundance of traditional Herzegovinian delicacies, good wine and appropriate entertainment. The is also an occasion to honour the character and work of Vinko Vukoja &#8211; Lastvi\u0107a, founder and ruler-president of the Haiduk Republic of MijatTomi\u0107.<\/p>\n<p>Join us for the next celebration of Statehood Day at its seat &#8211; hotel- restaurant Hajdu\u010dke Vrleti.[\/vc_column_text][\/vc_column][vc_column width=&#8221;1\/2&#8243;][vc_single_image image=&#8221;14819&#8243; img_size=&#8221;full&#8221; onclick=&#8221;link_image&#8221;][vc_single_image image=&#8221;14821&#8243; img_size=&#8221;full&#8221; onclick=&#8221;link_image&#8221;][\/vc_column][\/vc_row][vc_row disable_element=&#8221;yes&#8221; css=&#8221;.vc_custom_1572260722210{margin-top: 0px !important;margin-bottom: 0px !important;padding-top: 20px !important;padding-bottom: 20px !important;}&#8221;][vc_column width=&#8221;1\/2&#8243;][vc_single_image image=&#8221;12895&#8243; img_size=&#8221;full&#8221;][\/vc_column][vc_column width=&#8221;1\/2&#8243;][vc_column_text]<strong>Propozicije natjecanja:<\/strong><\/p>\n<ol>\n<li>Svako prijevremeno laganje ne\u0107e biti uva\u017eeno.<\/li>\n<li>Sve la\u017ei moraju biti istinite, a o poretku najboljih \u0107e odlu\u010divati \u017eiri u vrlo kvalitetnom sastavu.<\/li>\n<li>10 najboljih istina biti \u0107e nagra\u0111eno prigodnim hajdu\u010dkim nagradama.<\/li>\n<li>Svi sudionici imaju pravo na dva izlaganja.<\/li>\n<li>Politi\u010darima je zabranjeno sudjelovati jer su oni profesionalci u laganju, a ovo je natjecanje na amaterskoj razini.<\/li>\n<\/ol>\n<p>Natjecanje \u0107e se odr\u017eati u Hajdu\u010dkim Vrletima , u Republici, sa po\u010detkom u 20.30h.\u201c[\/vc_column_text][\/vc_column][\/vc_row][vc_row full_width=&#8221;stretch_row_content_no_spaces&#8221; css=&#8221;.vc_custom_1570100335417{margin-bottom: -50px !important;}&#8221;][vc_column][\/vc_column][\/vc_row][vc_row disable_element=&#8221;yes&#8221; bg_type=&#8221;bg_color&#8221; bg_override=&#8221;full&#8221; bg_color_value=&#8221;#333333&#8243; css=&#8221;.vc_custom_1570099994245{margin-top: 0px !important;margin-bottom: 0px !important;padding-top: 80px !important;padding-bottom: 0px !important;}&#8221;][vc_column][vc_row_inner css=&#8221;.vc_custom_1536355316742{margin-top: 0px !important;margin-bottom: 0px !important;padding-top: 0px !important;padding-bottom: 30px !important;}&#8221;][vc_column_inner width=&#8221;2\/4&#8243;][vc_single_image image=&#8221;943&#8243; img_size=&#8221;196&#215;50&#8243; alignment=&#8221;center&#8221; css=&#8221;.vc_custom_1541602606387{padding-bottom: 0px !important;}&#8221;][vc_column_text]<\/p>\n<p style=\"text-align: center;\"><span style=\"color: #ffffff;\">Stylish and fashionable restaurant with exquisite dishes from different worlds, stylish interiors will make your mood real and impressive.<\/span><\/p>\n<p>[\/vc_column_text][\/vc_column_inner][vc_column_inner width=&#8221;1\/4&#8243;]<div id=\"ultimate-heading-803469edbe4a51872\" class=\"uvc-heading ult-adjust-bottom-margin ultimate-heading-803469edbe4a51872 uvc-2727 \" data-hspacer=\"line_only\"  data-halign=\"center\" style=\"text-align:center\"><div class=\"uvc-main-heading ult-responsive\"  data-ultimate-target='.uvc-heading.ultimate-heading-803469edbe4a51872 h2'  data-responsive-json-new='{\"font-size\":\"desktop:18px;\",\"line-height\":\"desktop:30px;\"}' ><h2 style=\"font-family:&#039;Oswald&#039;;font-weight:300;color:#ffffff;margin-top:0px;margin-bottom:0px;\">NEW YORK<\/h2><\/div><div class=\"uvc-heading-spacer line_only\" style=\"margin-top:10px;margin-bottom:40px;height:3px;\"><span class=\"uvc-headings-line\" style=\"border-style:solid;border-bottom-width:3px;border-color:#d3ab55;width:50px;\"><\/span><\/div><div class=\"uvc-sub-heading ult-responsive\"  data-ultimate-target='.uvc-heading.ultimate-heading-803469edbe4a51872 .uvc-sub-heading '  data-responsive-json-new='{\"font-size\":\"desktop:12px;\",\"line-height\":\"desktop:24px;\"}'  style=\"font-family:&#039;Arvo&#039;;font-weight:500;color:rgba(255,255,255,0.7);margin-top:0px;margin-bottom:0px;\">Eighth Avenue 385, New York<br \/>\nbenedicta@website.com<br \/>\n+1 800 876 54 23<\/div><\/div>[\/vc_column_inner][vc_column_inner width=&#8221;1\/4&#8243;]<div id=\"ultimate-heading-742969edbe4a518e6\" class=\"uvc-heading ult-adjust-bottom-margin ultimate-heading-742969edbe4a518e6 uvc-7616 \" data-hspacer=\"line_only\"  data-halign=\"center\" style=\"text-align:center\"><div class=\"uvc-main-heading ult-responsive\"  data-ultimate-target='.uvc-heading.ultimate-heading-742969edbe4a518e6 h2'  data-responsive-json-new='{\"font-size\":\"desktop:18px;\",\"line-height\":\"desktop:30px;\"}' ><h2 style=\"font-family:&#039;Oswald&#039;;font-weight:300;color:#ffffff;margin-top:0px;margin-bottom:0px;\">LONDON<\/h2><\/div><div class=\"uvc-heading-spacer line_only\" style=\"margin-top:10px;margin-bottom:40px;height:3px;\"><span class=\"uvc-headings-line\" style=\"border-style:solid;border-bottom-width:3px;border-color:#d3ab55;width:50px;\"><\/span><\/div><div class=\"uvc-sub-heading ult-responsive\"  data-ultimate-target='.uvc-heading.ultimate-heading-742969edbe4a518e6 .uvc-sub-heading '  data-responsive-json-new='{\"font-size\":\"desktop:12px;\",\"line-height\":\"desktop:24px;\"}'  style=\"font-family:&#039;Arvo&#039;;font-weight:500;color:rgba(255,255,255,0.7);margin-top:0px;margin-bottom:0px;\">Bridge Avenue 23\/1, London<br \/>\nbenedicta@website.com<br \/>\n+1 960 316 48 34<\/div><\/div>[\/vc_column_inner][\/vc_row_inner][vc_separator color=&#8221;custom&#8221; accent_color=&#8221;rgba(255,255,255,0.1)&#8221; css=&#8221;.vc_custom_1541602241747{margin-top: 0px !important;margin-bottom: 0px !important;padding-top: 20px !important;padding-bottom: 20px !important;}&#8221;][\/vc_column][\/vc_row]<\/p>\n","protected":false},"excerpt":{"rendered":"<p>[vc_row css=&#8221;.vc_custom_1542072362721{margin-top: 0px !important;margin-bottom: 0px !important;padding-top: 20px !important;padding-bottom: 80px !important;}&#8221;][vc_column width=&#8221;1\/2&#8243;][vc_column_text]Thestatehood day is celebrated on 5 June, the founding day of the Haiduk Republic of Mijat Tomi\u0107, at the seat of the Republic &#8211; Hajdu\u010dke Vrleti. Haiduk, democratic and independent, the Republic was founded on 5 June 2002. Its sovereign jurisdiction encompasses an area the [&hellip;]<\/p>\n","protected":false},"author":1,"featured_media":0,"parent":0,"menu_order":0,"comment_status":"closed","ping_status":"closed","template":"","meta":[],"yoast_head":"<!-- This site is optimized with the Yoast SEO plugin v18.9 - https:\/\/yoast.com\/wordpress\/plugins\/seo\/ -->\n<title>Statehood Day - Hajducke Vrleti<\/title>\n<meta name=\"robots\" content=\"index, follow, max-snippet:-1, max-image-preview:large, max-video-preview:-1\" \/>\n<link rel=\"canonical\" href=\"https:\/\/www.vrleti.com\/en\/statehood-day\/\" \/>\n<meta property=\"og:locale\" content=\"en_US\" \/>\n<meta property=\"og:type\" content=\"article\" \/>\n<meta property=\"og:title\" content=\"Statehood Day - Hajducke Vrleti\" \/>\n<meta property=\"og:description\" content=\"[vc_row css=&#8221;.vc_custom_1542072362721{margin-top: 0px !important;margin-bottom: 0px !important;padding-top: 20px !important;padding-bottom: 80px !important;}&#8221;][vc_column width=&#8221;1\/2&#8243;][vc_column_text]Thestatehood day is celebrated on 5 June, the founding day of the Haiduk Republic of Mijat Tomi\u0107, at the seat of the Republic &#8211; Hajdu\u010dke Vrleti. Haiduk, democratic and independent, the Republic was founded on 5 June 2002. Its sovereign jurisdiction encompasses an area the [&hellip;]\" \/>\n<meta property=\"og:url\" content=\"https:\/\/www.vrleti.com\/en\/statehood-day\/\" \/>\n<meta property=\"og:site_name\" content=\"Hajducke Vrleti\" \/>\n<meta property=\"article:modified_time\" content=\"2023-05-26T10:00:21+00:00\" \/>\n<meta name=\"twitter:card\" content=\"summary_large_image\" \/>\n<meta name=\"twitter:label1\" content=\"Est. reading time\" \/>\n\t<meta name=\"twitter:data1\" content=\"4 minutes\" \/>\n<script type=\"application\/ld+json\" class=\"yoast-schema-graph\">{\"@context\":\"https:\/\/schema.org\",\"@graph\":[{\"@type\":[\"Person\",\"Organization\"],\"@id\":\"https:\/\/www.vrleti.com\/#\/schema\/person\/6be8d3602bb4bf7851967014ba5b3bd4\",\"name\":\"Hajducke Vrleti\",\"image\":{\"@type\":\"ImageObject\",\"inLanguage\":\"en-US\",\"@id\":\"https:\/\/www.vrleti.com\/#\/schema\/person\/image\/\",\"url\":\"https:\/\/secure.gravatar.com\/avatar\/504dc3c7f29947467e899475f2a70d0d?s=96&d=mm&r=g\",\"contentUrl\":\"https:\/\/secure.gravatar.com\/avatar\/504dc3c7f29947467e899475f2a70d0d?s=96&d=mm&r=g\",\"caption\":\"Hajducke Vrleti\"},\"logo\":{\"@id\":\"https:\/\/www.vrleti.com\/#\/schema\/person\/image\/\"}},{\"@type\":\"WebSite\",\"@id\":\"https:\/\/www.vrleti.com\/#website\",\"url\":\"https:\/\/www.vrleti.com\/\",\"name\":\"Hajducke Vrleti\",\"description\":\"Hotel &amp; Restoran Blidinje\",\"publisher\":{\"@id\":\"https:\/\/www.vrleti.com\/#\/schema\/person\/6be8d3602bb4bf7851967014ba5b3bd4\"},\"potentialAction\":[{\"@type\":\"SearchAction\",\"target\":{\"@type\":\"EntryPoint\",\"urlTemplate\":\"https:\/\/www.vrleti.com\/?s={search_term_string}\"},\"query-input\":\"required name=search_term_string\"}],\"inLanguage\":\"en-US\"},{\"@type\":\"WebPage\",\"@id\":\"https:\/\/www.vrleti.com\/en\/statehood-day\/#webpage\",\"url\":\"https:\/\/www.vrleti.com\/en\/statehood-day\/\",\"name\":\"Statehood Day - Hajducke Vrleti\",\"isPartOf\":{\"@id\":\"https:\/\/www.vrleti.com\/#website\"},\"datePublished\":\"2019-10-28T11:22:23+00:00\",\"dateModified\":\"2023-05-26T10:00:21+00:00\",\"breadcrumb\":{\"@id\":\"https:\/\/www.vrleti.com\/en\/statehood-day\/#breadcrumb\"},\"inLanguage\":\"en-US\",\"potentialAction\":[{\"@type\":\"ReadAction\",\"target\":[\"https:\/\/www.vrleti.com\/en\/statehood-day\/\"]}]},{\"@type\":\"BreadcrumbList\",\"@id\":\"https:\/\/www.vrleti.com\/en\/statehood-day\/#breadcrumb\",\"itemListElement\":[{\"@type\":\"ListItem\",\"position\":1,\"name\":\"Home\",\"item\":\"https:\/\/www.vrleti.com\/en\/\"},{\"@type\":\"ListItem\",\"position\":2,\"name\":\"Statehood Day\"}]}]}<\/script>\n<!-- \/ Yoast SEO plugin. -->","yoast_head_json":{"title":"Statehood Day - Hajducke Vrleti","robots":{"index":"index","follow":"follow","max-snippet":"max-snippet:-1","max-image-preview":"max-image-preview:large","max-video-preview":"max-video-preview:-1"},"canonical":"https:\/\/www.vrleti.com\/en\/statehood-day\/","og_locale":"en_US","og_type":"article","og_title":"Statehood Day - Hajducke Vrleti","og_description":"[vc_row css=&#8221;.vc_custom_1542072362721{margin-top: 0px !important;margin-bottom: 0px !important;padding-top: 20px !important;padding-bottom: 80px !important;}&#8221;][vc_column width=&#8221;1\/2&#8243;][vc_column_text]Thestatehood day is celebrated on 5 June, the founding day of the Haiduk Republic of Mijat Tomi\u0107, at the seat of the Republic &#8211; Hajdu\u010dke Vrleti. Haiduk, democratic and independent, the Republic was founded on 5 June 2002. Its sovereign jurisdiction encompasses an area the [&hellip;]","og_url":"https:\/\/www.vrleti.com\/en\/statehood-day\/","og_site_name":"Hajducke Vrleti","article_modified_time":"2023-05-26T10:00:21+00:00","twitter_card":"summary_large_image","twitter_misc":{"Est. reading time":"4 minutes"},"schema":{"@context":"https:\/\/schema.org","@graph":[{"@type":["Person","Organization"],"@id":"https:\/\/www.vrleti.com\/#\/schema\/person\/6be8d3602bb4bf7851967014ba5b3bd4","name":"Hajducke Vrleti","image":{"@type":"ImageObject","inLanguage":"en-US","@id":"https:\/\/www.vrleti.com\/#\/schema\/person\/image\/","url":"https:\/\/secure.gravatar.com\/avatar\/504dc3c7f29947467e899475f2a70d0d?s=96&d=mm&r=g","contentUrl":"https:\/\/secure.gravatar.com\/avatar\/504dc3c7f29947467e899475f2a70d0d?s=96&d=mm&r=g","caption":"Hajducke Vrleti"},"logo":{"@id":"https:\/\/www.vrleti.com\/#\/schema\/person\/image\/"}},{"@type":"WebSite","@id":"https:\/\/www.vrleti.com\/#website","url":"https:\/\/www.vrleti.com\/","name":"Hajducke Vrleti","description":"Hotel &amp; Restoran Blidinje","publisher":{"@id":"https:\/\/www.vrleti.com\/#\/schema\/person\/6be8d3602bb4bf7851967014ba5b3bd4"},"potentialAction":[{"@type":"SearchAction","target":{"@type":"EntryPoint","urlTemplate":"https:\/\/www.vrleti.com\/?s={search_term_string}"},"query-input":"required name=search_term_string"}],"inLanguage":"en-US"},{"@type":"WebPage","@id":"https:\/\/www.vrleti.com\/en\/statehood-day\/#webpage","url":"https:\/\/www.vrleti.com\/en\/statehood-day\/","name":"Statehood Day - Hajducke Vrleti","isPartOf":{"@id":"https:\/\/www.vrleti.com\/#website"},"datePublished":"2019-10-28T11:22:23+00:00","dateModified":"2023-05-26T10:00:21+00:00","breadcrumb":{"@id":"https:\/\/www.vrleti.com\/en\/statehood-day\/#breadcrumb"},"inLanguage":"en-US","potentialAction":[{"@type":"ReadAction","target":["https:\/\/www.vrleti.com\/en\/statehood-day\/"]}]},{"@type":"BreadcrumbList","@id":"https:\/\/www.vrleti.com\/en\/statehood-day\/#breadcrumb","itemListElement":[{"@type":"ListItem","position":1,"name":"Home","item":"https:\/\/www.vrleti.com\/en\/"},{"@type":"ListItem","position":2,"name":"Statehood Day"}]}]}},"_links":{"self":[{"href":"https:\/\/www.vrleti.com\/en\/wp-json\/wp\/v2\/pages\/12886"}],"collection":[{"href":"https:\/\/www.vrleti.com\/en\/wp-json\/wp\/v2\/pages"}],"about":[{"href":"https:\/\/www.vrleti.com\/en\/wp-json\/wp\/v2\/types\/page"}],"author":[{"embeddable":true,"href":"https:\/\/www.vrleti.com\/en\/wp-json\/wp\/v2\/users\/1"}],"replies":[{"embeddable":true,"href":"https:\/\/www.vrleti.com\/en\/wp-json\/wp\/v2\/comments?post=12886"}],"version-history":[{"count":6,"href":"https:\/\/www.vrleti.com\/en\/wp-json\/wp\/v2\/pages\/12886\/revisions"}],"predecessor-version":[{"id":14828,"href":"https:\/\/www.vrleti.com\/en\/wp-json\/wp\/v2\/pages\/12886\/revisions\/14828"}],"wp:attachment":[{"href":"https:\/\/www.vrleti.com\/en\/wp-json\/wp\/v2\/media?parent=12886"}],"curies":[{"name":"wp","href":"https:\/\/api.w.org\/{rel}","templated":true}]}}